{"id":31,"date":"2018-09-12T15:13:19","date_gmt":"2018-09-12T13:13:19","guid":{"rendered":"http:\/\/zfch.home.amu.edu.pl\/?page_id=31"},"modified":"2020-03-04T05:27:23","modified_gmt":"2020-03-04T04:27:23","slug":"teaching","status":"publish","type":"page","link":"http:\/\/zfch.home.amu.edu.pl\/?page_id=31","title":{"rendered":"TEACHING"},"content":{"rendered":"<p><strong>FOTOCHEMIA<\/strong><\/p>\n<p><a href=\"http:\/\/zfch.home.amu.edu.pl\/wp-content\/uploads\/2020\/02\/fotochemia_BM_1_4.pdf\">Wyk\u0142ad 1-4<\/a><\/p>\n<p><a href=\"http:\/\/zfch.home.amu.edu.pl\/wp-content\/uploads\/2020\/02\/fotochemia_BM_5.pdf\">Wyk\u0142ad 5<\/a><\/p>\n<p><a href=\"http:\/\/zfch.home.amu.edu.pl\/wp-content\/uploads\/2020\/02\/fotochemia_BM_6.pdf\">Wyk\u0142ad 6<\/a><\/p>\n<p><a href=\"http:\/\/zfch.home.amu.edu.pl\/wp-content\/uploads\/2020\/02\/fotochemia_BM_7.pdf\">Wyk\u0142ad 7<\/a><\/p>\n<p><a href=\"http:\/\/zfch.home.amu.edu.pl\/wp-content\/uploads\/2020\/02\/fotochemia_BM_8.pdf\">Wyk\u0142ad 8<\/a><\/p>\n<p><a href=\"http:\/\/zfch.home.amu.edu.pl\/wp-content\/uploads\/2020\/02\/fotochemia_BM_9_11wyk.pdf\">wyk\u0142ad 9-11<\/a><\/p>\n<p>&nbsp;<\/p>\n<p><strong>PODSTAWY CHEMII FIZYCZNEJ<\/strong><\/p>\n<p>wszystkich potrzebnych materia\u0142\u00f3w zwi\u0105zanych z \u0107wiczeniami laboratoryjnymi szukaj\u00a0<a href=\"http:\/\/chemfiz.home.amu.edu.pl\/\">tutaj<\/a><\/p>\n","protected":false},"excerpt":{"rendered":"<p>FOTOCHEMIA Wyk\u0142ad 1-4 Wyk\u0142ad 5 Wyk\u0142ad 6 Wyk\u0142ad 7 Wyk\u0142ad 8 wyk\u0142ad 9-11 &nbsp; PODSTAWY CHEMII FIZYCZNEJ wszystkich potrzebnych materia\u0142\u00f3w zwi\u0105zanych z \u0107wiczeniami laboratoryjnymi szukaj\u00a0tutaj<\/p>\n","protected":false},"author":1,"featured_media":0,"parent":0,"menu_order":0,"comment_status":"closed","ping_status":"closed","template":"","meta":[],"_links":{"self":[{"href":"http:\/\/zfch.home.amu.edu.pl\/index.php?rest_route=\/wp\/v2\/pages\/31"}],"collection":[{"href":"http:\/\/zfch.home.amu.edu.pl\/index.php?rest_route=\/wp\/v2\/pages"}],"about":[{"href":"http:\/\/zfch.home.amu.edu.pl\/index.php?rest_route=\/wp\/v2\/types\/page"}],"author":[{"embeddable":true,"href":"http:\/\/zfch.home.amu.edu.pl\/index.php?rest_route=\/wp\/v2\/users\/1"}],"replies":[{"embeddable":true,"href":"http:\/\/zfch.home.amu.edu.pl\/index.php?rest_route=%2Fwp%2Fv2%2Fcomments&post=31"}],"version-history":[{"count":4,"href":"http:\/\/zfch.home.amu.edu.pl\/index.php?rest_route=\/wp\/v2\/pages\/31\/revisions"}],"predecessor-version":[{"id":449,"href":"http:\/\/zfch.home.amu.edu.pl\/index.php?rest_route=\/wp\/v2\/pages\/31\/revisions\/449"}],"wp:attachment":[{"href":"http:\/\/zfch.home.amu.edu.pl\/index.php?rest_route=%2Fwp%2Fv2%2Fmedia&parent=31"}],"curies":[{"name":"wp","href":"https:\/\/api.w.org\/{rel}","templated":true}]}}