{"id":143,"date":"2018-10-01T12:48:20","date_gmt":"2018-10-01T10:48:20","guid":{"rendered":"http:\/\/zfch.home.amu.edu.pl\/?page_id=143"},"modified":"2018-10-01T12:48:34","modified_gmt":"2018-10-01T10:48:34","slug":"dr-piotr-filipiak","status":"publish","type":"page","link":"http:\/\/zfch.home.amu.edu.pl\/?page_id=143","title":{"rendered":"Dr. Piotr Filipiak"},"content":{"rendered":"<p style=\"padding-left: 90px;\"><strong>Research Interest:<\/strong><\/p>\n<p style=\"padding-left: 60px;\">1)<\/p>\n<p>&nbsp;<\/p>\n<p><u>Grant:<\/u><\/p>\n<ul>\n<li>&#8230;<\/li>\n<\/ul>\n<p>&nbsp;<\/p>\n<p><strong>PUBLICATIONS:<\/strong><\/p>\n<ol>\n<li>\n<p class=\"font_8\">Photoinduced Electron Transfer Polymerization 4-Carboxybenzophenone \u2013Sulfur-Containing Carboxylic Acids Photoredox Pairs as a Photoinitiating System for Free-Radical Polymerization Wrzyszczy\u0144ski A.; Filipiak P.; Hug G.L.; Marciniak B.; P\u0105czkowski J. Macromolecules 2000, 33, 1577-1582; (IF2000 = 3,697; IF5-letni z 2015 = 5,599)<\/p>\n<\/li>\n<li>\n<p class=\"font_8\">Mechanism and Kinetics of Photoisomerization of a Cyclic Disulfide, trans-4,5-Dihydroxy-1,2-dithiacyclohexane Lorena B. Barr\u00f3n, Kenneth C. Waterman, Piotr Filipiak, Gordon L. Hug, Thomas Nauser, and Christian Sch\u00f6neichJ. Phys. Chem. A2004, 108, 2247-2255; (IF2004 = 2,639; IF5-letni z 2008 = 2,889)<\/p>\n<\/li>\n<li>\n<p class=\"font_8\">Lifetimes and modes of decay of sulfur-centered radical zwitterions containing carboxylate and phenyl groupsPiotr Filipiak, Gordon L. Hug, Ian Carmichael, Anna Korzeniowska-Sobczuk, Krzysztof Bobrowski, BronislawMarciniak, J. Phys. Chem. A 2004, 108, 6503-6512; (IF2004 = 2,639; IF5-letni z 2008 = 2,889)<\/p>\n<\/li>\n<li>\n<p class=\"font_8\">Radiation induced oxidation of aromatic carboxylic acids containing the thioether group A. Korzeniowska-Sobczuk, J. Mirkowski, G.L. Hug, P. Filipiak, K. Bobrowski, Trombay Symposium on Radiation &amp; Photochemistry (TSRP-2004), Mumbai, India, 2004, January 8 \u2013 12, vol. 1, p. 53 \u2013 58{ISBN No: 81-88513-08-3}<\/p>\n<\/li>\n<li>\n<p class=\"font_8\">Reactions of hydrogen atoms with a-(alkylthio) carbonyl compounds. Time-resolved ESR detection and DFT calculations Pawel Wisniowski, Krzysztof Bobrowski, Piotr Filipiak, Ian Carmichael, and Gordon L. Hug, Res. Chem.Intermed.2005, 31 (#7-8), 633-641; (IF2005 = 0,513; IF5-letni z 2015 = 1,712)<\/p>\n<\/li>\n<li>\n<p class=\"font_8\">Photochemistry of 4-(methylthio)phenylacetic acid. Steady-state and laser flash photolysis studies.Piotr Filipiak, Gordon L. Hug, Krzysztof Bobrowski, BronislawMarciniak, J. Photochem. Photobiol. A: Chemistry2005, 172, 322-330; (IF2005 = 2,286; IF5-letni z 2007 = 2,796)<\/p>\n<\/li>\n<li>\n<p class=\"font_8\">Synthesis and Characterization of Benzophenone Linked Amino Acids for Inter- and Intra-Molecular Photoreactions Gerald H\u00f6rner, AnicaL\u00e4mmermann, Tomasz P\u0119dzi\u0144ski, Piotr Filipiak and BronislawMarciniak, Annals of the Polish Chemical Society, 2005,vol.I, 559-563;<\/p>\n<\/li>\n<li>\n<p class=\"font_8\">Photochemistry of carboxylic acids containing the phenyl andthioether groups. Steady-state and laser flash photolysis studies.Piotr Filipiak, Gordon L. Hug, BronislawMarciniak, J. Photochem. Photobiol. A: Chemistry 2006, 177, 295-306; (IF2006 = 2,098; IF5-letni z 2007 = 2,796)<\/p>\n<\/li>\n<li>\n<p class=\"font_8\">Reactions of 1-Hydroxy-1-methylethyl Radicals with NO2-: Time-Resolved Electron Spin ResonancePiotr Filipiak, Donald M. Camaioni, Richard W. Fessenden, Ian Carmichael, and Gordon L. Hug,J. Phys. Chem. A 2006, 110, 11046-11052; (IF2006 = 3,047; IF5-letni z 2008 = 2,889)<\/p>\n<\/li>\n<li>\n<p class=\"font_8\">Sensybilizowanefotoutlenianiekwasufenylotiooctowego w roztworachJarogniewBartoszewicz, Piotr Filipiak, Gordon L. Hug, Halina Kozubek, Bronis\u0142awMarciniak, \u201cObliczaChemii\u201d, rozdz.8, 91- 102, Pozna\u01442006{ISBN No: 83-89936-13-5}<\/p>\n<\/li>\n<li>\n<p class=\"font_8\">Modification of photochemical pathways of sensitized oxidation of phenylthio acetic acid. Effects of solvent and tetrabutylammonium saltPiotr Filipiak, JarogniewBartoszewicz, Gordon L. Hug, Halina Kozubek, Jerzy Paczkowski, Bronis\u0142awMarciniak, J. Photochem. Photobiol. A: Chemistry2007, 191, 167-175; (IF2007 = 1,911; IF5-letni z 2007 = 2,796)<\/p>\n<\/li>\n<li>\n<p class=\"font_8\">Photochemical reactions of 4-thiouridine disulfide and 4-benzylthiouridine \u2013 the involvement of the 4-pyrimidinylthiyl radicalGrazynaWenska, KatarzynaTaras-Goslinska, Piotr Filipiak, Gordon L. Hug and BronislawMarciniak,Photochem. Photobiol. Sci., 2008, 7, 250-256; (IF2015 = 2,235; IF5-letni z 2008 = ???)<\/p>\n<\/li>\n<li>\n<p class=\"font_8\">Evidence for heterolytic cleavage of C-S bonds in the photolysis of 1,3,5-trithianesGordon L. Hug, Edyta Janeba-Bartoszewicz, Piotr Filipiak, Tomasz P\u0119dzi\u0144ski, Halina Kozubek, BronislawMarciniak,Polish Journal of Chemistry 2008, 82, 883-892; (IF2008 = 0,518; IF5-letni z 2008 = 0,474)<\/p>\n<\/li>\n<li>\n<p class=\"font_8\">Head-to-Tail Interactions in Tyrosine\/Benzophenone Dyads in the Ground and the Excited State. NMR and Laser Flash Photolysis Studies,Gerald H\u00f6rner, Gordon L. Hug, DariuszPogocki, Piotr Filipiak, Walter Bauer, Andreas Grohmann, AnicaL\u00e4mmermann, TomaszP\u0119dzi\u0144ski, andBronislawMarciniak, Chemistry &#8211; A European Journal.,2008, Vol. 14, No. 26, 7913-7929; (IF2008 = 5,454; IF5-letni z 2008 = 5,335)<\/p>\n<\/li>\n<li>\n<p class=\"font_8\">Formation of a Sandwich-Structure Assisted, Relatively Long-Lived Sulfur-Centered Three-Electron Bonded Radical Anion in the Reduction of a Bis-(1-substituted-uracilyl) Disulfide in Aqueous SolutionGrazynaWenska, Piotr Filipiak, Klaus-Dieter Asmus,Krzysztof Bobrowski, Jacek Koput and BronislawMarciniak,J. Phys. Chem.: B.,2008, 112, 10045-10053; (IF2008 = 4,189; IF5-letni z 2008 = 4,688)<\/p>\n<\/li>\n<li>\n<p class=\"font_8\">Formation of cation-radical anion pairs derived from carboxybenzophenone-tetrabutylammonium salts. Pulse radiolysis studies, Piotr Filipiak, Gordon L. Hug, Krzysztof Bobrowski,Marek Pietrzak, Jerzy Paczkowski,BronislawMarciniak, Research on Chemical Intermediates 2009, 35, 389-399; (IF2009 = 0,813; IF5-letni z 2009 = 0,673)<\/p>\n<\/li>\n<li>\n<p class=\"font_8\">Photocycloaddition of the T1 excited state of thioinosine to uridine and adenosine,Gra\u017cynaWenska, Piotr Filipiak, GotardBurdzi\u0144ski, Tomasz P\u0119dzi\u0144ski, Gordon L. Hug, ZofiaGdaniec, Photochem. Photobiol. Sci.2009, 8, 1379-1388; (IF2015 = 2,235; IF5-letni z 2008 = ???)<\/p>\n<\/li>\n<li>\n<p class=\"font_8\">\u201cEfficient Photochemical Oxidation of Anisole in Protic Solvents. Electron Transfer driven by Specific Solvent-Solute Interactions\u201d,A. Lewandowska, G. L. Hug , G. H\u00f6rner, T. Pedzinski, P. Filipiak B. Marciniak,ChemPhysChem. 2010, 11, 2108-2117; (IF2010 = 3,340; IF5-letni z 2010 = 3,637)<\/p>\n<\/li>\n<li>\n<p class=\"font_8\">Orientation-dependent quenching of the triplet excited 6-thiopurine by nucleobases, G. Wenska, P. Filipiak, K. Taras-Goslinska, A. Sobierajska, Z. Gdaniec; J. Photochem. Photobiol. A: Chemistry217 (2011) 55-61; (IF2011 = 2,421; IF5-letni z 2011 = 2,925)<\/p>\n<\/li>\n<li>\n<p class=\"font_8\">Sensitized photooxidation of S-Methylglutathione in aqueous solution. Intramolecular (S\\O)+ and (S\\N)+ bonded species.P. Filipiak, G.L. Hug, K. Bobrowski, T. Pedzinski, H. Kozubek, B. Marciniak; J. Phys. Chem. B, 2013, 117, 2359-2368; (IF2013 = 3,377; IF5-letni z 2013 = 3,527)<\/p>\n<\/li>\n<li>\n<p class=\"font_8\">Photosensitized oxidation of methionine-containing dipeptides. From the transients to the final products. M. Ignasiak, T. Pedzinski, F. Rusconi, P. Filipiak, K. Bobrowski, C. Houee-Levin, B. Marciniak,J. Phys. Chem. B,2014, 118 (29), 8549-8558; (IF2014 = 3,302; IF5-letni z 2014 = 3,528)<\/p>\n<\/li>\n<li>\n<p class=\"font_8\">Formation of Three-Electron Sulfur-Sulfur Bond as a Probe for Interaction between Side Chains of Methionine Residues. Piotr Filipiak, Krzysztof Bobrowski, Gordon L. Hug,DariuszPogocki, Christian Sch\u00f6neich, Bronislaw Marciniak, published onlineAug3116J. Phys. Chem. B, (2016), 120, 9732-9744; (IF2015 = 3,187; IF5-letni z 2015 = 3,265)<\/p>\n<\/li>\n<li>\n<p class=\"font_8\">New Insights into the Reaction Paths of 4-Carboxybenzophenone Triplet with Oligopeptides containing N- and C-terminal Methionine Residues. Piotr Filipiak, Krzysztof Bobrowski, Gordon L. Hug, DariuszPogocki, Christian Sch\u00f6neich, BronislawMarciniak, accepted April 25th, 2017 J. Phys. Chem. B, (2017), 121, 5247\u22125258, (IF2015 = 3,187; IF5-letni z 2015 = 3,265) DOI. 10.1021\/acs.jpcb.7b01119<\/p>\n<\/li>\n<li>\n<p class=\"font_8\">Oxidation studies of a novel peptide model N-acetyl-3-(methylthio)propylamine. Tomasz P\u0119dzi\u0144ski, Franciszek Ka\u017amierczak, Piotr Filipiak,BronislawMarciniak, published online 30 Dec 2016, J. Photochem. Photobiol. A:Chem., (2017), 336, 98-104. DOI: 10.1016\/j.jphotochem.2016.12.032<\/p>\n<\/li>\n<\/ol>\n","protected":false},"excerpt":{"rendered":"<p>Research Interest: 1) &nbsp; Grant: &#8230; &nbsp; PUBLICATIONS: Photoinduced Electron Transfer Polymerization 4-Carboxybenzophenone \u2013Sulfur-Containing Carboxylic Acids Photoredox Pairs as a Photoinitiating System for Free-Radical Polymerization Wrzyszczy\u0144ski A.; Filipiak P.; Hug &#8230;<\/p>\n","protected":false},"author":1,"featured_media":0,"parent":0,"menu_order":0,"comment_status":"closed","ping_status":"closed","template":"","meta":[],"_links":{"self":[{"href":"http:\/\/zfch.home.amu.edu.pl\/index.php?rest_route=\/wp\/v2\/pages\/143"}],"collection":[{"href":"http:\/\/zfch.home.amu.edu.pl\/index.php?rest_route=\/wp\/v2\/pages"}],"about":[{"href":"http:\/\/zfch.home.amu.edu.pl\/index.php?rest_route=\/wp\/v2\/types\/page"}],"author":[{"embeddable":true,"href":"http:\/\/zfch.home.amu.edu.pl\/index.php?rest_route=\/wp\/v2\/users\/1"}],"replies":[{"embeddable":true,"href":"http:\/\/zfch.home.amu.edu.pl\/index.php?rest_route=%2Fwp%2Fv2%2Fcomments&post=143"}],"version-history":[{"count":2,"href":"http:\/\/zfch.home.amu.edu.pl\/index.php?rest_route=\/wp\/v2\/pages\/143\/revisions"}],"predecessor-version":[{"id":145,"href":"http:\/\/zfch.home.amu.edu.pl\/index.php?rest_route=\/wp\/v2\/pages\/143\/revisions\/145"}],"wp:attachment":[{"href":"http:\/\/zfch.home.amu.edu.pl\/index.php?rest_route=%2Fwp%2Fv2%2Fmedia&parent=143"}],"curies":[{"name":"wp","href":"https:\/\/api.w.org\/{rel}","templated":true}]}}