{"id":119,"date":"2018-10-01T11:57:59","date_gmt":"2018-10-01T09:57:59","guid":{"rendered":"http:\/\/zfch.home.amu.edu.pl\/?page_id=119"},"modified":"2024-03-19T11:29:18","modified_gmt":"2024-03-19T10:29:18","slug":"seminars","status":"publish","type":"page","link":"http:\/\/zfch.home.amu.edu.pl\/?page_id=119","title":{"rendered":"Seminars"},"content":{"rendered":"<h1 class=\"mb-0 text-uppercase text-dark-sand h6\"><span class=\"field field--name-title field--type-string field--label-hidden\">RESEARCH GROUP SEMINARS<\/span><\/h1>\n<div class=\"mt-3\">\n<p>View our seminars. They take place in our seminar room (2.4, 2nd floor) or on MS Teams.<\/p>\n<p><span style=\"color: #0000ff;\">October 2023 &#8211; June 2024<\/span><\/p>\n<table style=\"height: 284px;\" width=\"792\">\n<tbody>\n<tr>\n<td style=\"text-align: center;\" width=\"250\"><strong>Date<\/strong><\/td>\n<td style=\"text-align: center;\" width=\"297\"><strong>Speaker<\/strong><\/td>\n<td style=\"text-align: center;\" width=\"288\"><strong>Title<\/strong><\/td>\n<\/tr>\n<tr>\n<td style=\"text-align: left;\" width=\"250\">March 20, 13:30 room 2.4<\/td>\n<td style=\"text-align: center;\" width=\"297\">Dr Piotr Filipiak<\/td>\n<td style=\"text-align: center;\" width=\"288\">Akumulatory trakcyjne w samochodach elektrycznych \u2013 budowa, rodzaje, \u0142adowanie, eksploatacja, czyli jak dobi\u0107 bateri\u0119, lub da\u0107 jej \u201e\u017cycie wieczne.<\/td>\n<\/tr>\n<tr>\n<td style=\"text-align: left;\" width=\"250\">March 3, 13:30 room 2.4<\/td>\n<td style=\"text-align: center;\" width=\"297\">Dr Marta Ignasiak-Kciuk<\/td>\n<td style=\"text-align: center;\" width=\"288\">Gdy wzbudzony CB spotyka bia\u0142ko&#8230; czyli co ju\u017c wiemy?<\/td>\n<\/tr>\n<tr>\n<td style=\"text-align: left;\" width=\"250\">January 17, 13:30 room 2.4<\/td>\n<td style=\"text-align: center;\" width=\"297\">Dr Katarzyna Taras-Go\u015bli\u0144ska<\/td>\n<td style=\"text-align: center;\" width=\"288\">Przyk\u0142ady praktycznego wykorzystania reakcji fotozszywania<\/td>\n<\/tr>\n<tr>\n<td style=\"text-align: left;\" width=\"250\">December 6, 13:30 room 2.4<\/td>\n<td style=\"text-align: center;\" width=\"297\">Dr Ma\u0142gorzata Bayda-Smykaj<\/td>\n<td style=\"text-align: center;\" width=\"288\">266-nm Laser Flash Photolysis of Carbazole and its Derivatives<\/td>\n<\/tr>\n<tr>\n<td style=\"text-align: left;\" width=\"250\">November 27, 13:30 room 2.4<\/td>\n<td style=\"text-align: center;\" width=\"297\">MSc. Naisargi Varm<\/td>\n<td style=\"text-align: center;\" width=\"288\">Flavin Derivatives in Organic Photocatalysis<\/td>\n<\/tr>\n<tr>\n<td style=\"text-align: left;\" width=\"250\">November 22, 13:30 room 2.4<\/td>\n<td style=\"text-align: center;\" width=\"297\">MSc. Kamil Fr\u0105ckowiak<\/td>\n<td style=\"text-align: center;\" width=\"288\">Dwa szlaki reakcji dla histydyny &#8211; fotosensybilizowane utlenianie uk\u0142ad\u00f3w modelowych<\/td>\n<\/tr>\n<tr>\n<td style=\"text-align: left;\" width=\"250\">October 11, 13:30 room 2.4<\/td>\n<td style=\"text-align: center;\" width=\"297\">MSc. Aleksander Kolman<\/td>\n<td style=\"text-align: center;\" width=\"288\">Wp\u0142yw rozpuszczalnik\u00f3w na w\u0142a\u015bciwo\u015bci spektroskopowe&nbsp;m-THPC<\/td>\n<\/tr>\n<tr>\n<td style=\"text-align: left;\" width=\"250\">October 4, 13:30 room 2.4<\/td>\n<td style=\"text-align: center;\" width=\"297\">Prof. Tomasz P\u0119dzi\u0144ski<\/td>\n<td style=\"text-align: center;\" width=\"288\"><\/td>\n<\/tr>\n<\/tbody>\n<\/table>\n<p><span style=\"color: #0000ff;\">April 2023 &#8211; June 2023<\/span><\/p>\n<table style=\"height: 284px;\" width=\"792\">\n<tbody>\n<tr>\n<td style=\"text-align: left;\" width=\"250\"><strong>Date<\/strong><\/td>\n<td style=\"text-align: center;\" width=\"297\"><strong>Speaker<\/strong><\/td>\n<td style=\"text-align: center;\" width=\"288\"><strong>Title<\/strong><\/td>\n<\/tr>\n<tr>\n<td style=\"text-align: left;\" width=\"200\">June 15, 13:00 room 2.4<\/td>\n<td style=\"text-align: center;\" width=\"297\">MSc. Aleksander Kolman<\/td>\n<td style=\"text-align: center;\" width=\"288\"><\/td>\n<\/tr>\n<tr>\n<td style=\"text-align: left;\" width=\"200\">April 27, 12:00 room 2.4<\/td>\n<td style=\"text-align: center;\" width=\"297\">Agata Janczak &amp; Karol Hauza<\/td>\n<td style=\"text-align: center;\" width=\"288\"><\/td>\n<\/tr>\n<tr>\n<td style=\"text-align: left;\" width=\"250\">April 13, 13:00 room 2.4<\/td>\n<td style=\"text-align: center;\" width=\"297\">MSc. Marina Smirnova<\/td>\n<td style=\"text-align: center;\" width=\"288\">MXenes, its&#8217; characterization and photochemical application<\/td>\n<\/tr>\n<tr>\n<td style=\"text-align: left;\" width=\"250\">April 4, 13:00 room 2.4<\/td>\n<td style=\"text-align: center;\" width=\"297\">Dr Jacek K\u0142os<\/td>\n<td style=\"text-align: center;\" width=\"288\">Podw\u00f3jna warstwa elektryczna w stopionych solach<\/td>\n<\/tr>\n<\/tbody>\n<\/table>\n<p><span style=\"color: #0000ff;\">October 2022 &#8211; March 2023<\/span><\/p>\n<table style=\"height: 284px;\" width=\"792\">\n<tbody>\n<tr>\n<td style=\"text-align: left;\" width=\"250\"><strong>Date<\/strong><\/td>\n<td style=\"text-align: center;\" width=\"297\"><strong>Speaker<\/strong><\/td>\n<td style=\"text-align: center;\" width=\"288\"><strong>Title<\/strong><\/td>\n<\/tr>\n<tr>\n<td style=\"text-align: left;\" width=\"250\">October 19, 13:00&nbsp; room 2.4<\/td>\n<td style=\"text-align: center;\" width=\"297\">&nbsp;Dr Piotr Filipiak<\/td>\n<td style=\"text-align: center;\" width=\"288\">Photochemically Induced Oxidation of \u03b3-Glu-Met Peptide in Aqueous Solution<\/td>\n<\/tr>\n<tr>\n<td style=\"text-align: left;\" width=\"250\">November 15, 13:00 on-line<\/td>\n<td style=\"text-align: center;\" width=\"297\">MSc. Aleksandra Le\u015bniewicz<\/td>\n<td style=\"text-align: center;\" width=\"288\">Nanostruktury oparte na anionowej porfirynie do fotodegradacji zanieczyszcze\u0144 wody<\/td>\n<\/tr>\n<tr>\n<td style=\"text-align: left;\" width=\"250\">November 29, 13:15&nbsp;room 2.4<\/td>\n<td style=\"text-align: center;\" width=\"297\">Dr Marta Ignasiak-Kciuk<\/td>\n<td width=\"288\"><\/td>\n<\/tr>\n<tr>\n<td style=\"text-align: left;\" width=\"250\">December 13, 13:15 room 2.4<\/td>\n<td style=\"text-align: center;\" width=\"297\">Prof Tomasz P\u0119dzi\u0144ski\/MSc. Katarzyna Grzyb<\/td>\n<td width=\"288\"><\/td>\n<\/tr>\n<tr>\n<td style=\"text-align: left;\" width=\"250\">March 9, 12:00 room 2.4<\/td>\n<td style=\"text-align: center;\" width=\"297\">MSc. Kamil Fr\u0105ckowiak<\/td>\n<td width=\"288\"><\/td>\n<\/tr>\n<tr>\n<td style=\"text-align: left;\" width=\"250\">March 21, 13:00 room 2.4<\/td>\n<td style=\"text-align: center;\" width=\"297\">MSc. Katarzyna Krancewicz<\/td>\n<td width=\"288\"><\/td>\n<\/tr>\n<\/tbody>\n<\/table>\n<p><span style=\"color: #0000ff;\">March 2022 &#8211; June 2022<\/span><\/p>\n<table style=\"height: 284px;\" width=\"792\">\n<tbody>\n<tr>\n<td style=\"text-align: center;\" width=\"250\"><strong>Date<\/strong><\/td>\n<td style=\"text-align: center;\" width=\"297\"><strong>Speaker<\/strong><\/td>\n<td style=\"text-align: center;\" width=\"288\"><strong>Title<\/strong><\/td>\n<\/tr>\n<tr>\n<td style=\"text-align: left;\" width=\"250\">23 March, 12:15, room 2.4<\/td>\n<td style=\"text-align: center;\" width=\"297\">MSc. Katarzyna Krancewicz<\/td>\n<td style=\"text-align: center;\" width=\"288\"><\/td>\n<\/tr>\n<tr>\n<td style=\"text-align: left;\" width=\"250\">20 April, 12:15, room 2.4<\/td>\n<td style=\"text-align: center;\" width=\"297\">&nbsp;Olga Przybylak<\/td>\n<td style=\"text-align: center;\" width=\"288\">Wp\u0142yw tlenku grafenu na wydajno\u015b\u0107 tworzenia tlenu singletowego przez barwniki wykorzystywane w kosmetykach<\/td>\n<\/tr>\n<\/tbody>\n<\/table>\n<div><\/div>\n<p><span style=\"color: #0000ff;\">November 2021 &#8211; February 2022<\/span><\/p>\n<\/div>\n<p><!--more--><\/p>\n<table style=\"height: 284px;\" width=\"792\">\n<tbody>\n<tr>\n<td style=\"text-align: center;\" width=\"250\"><strong>Date<\/strong><\/td>\n<td style=\"text-align: center;\" width=\"297\"><strong>Speaker<\/strong><\/td>\n<td style=\"text-align: center;\" width=\"288\"><strong>Title<\/strong><\/td>\n<\/tr>\n<tr>\n<td style=\"text-align: left;\" width=\"250\">30 November, 11:15<\/td>\n<td style=\"text-align: center;\" width=\"297\">MSc. Kamil Fr\u0105ckowiak<\/td>\n<td style=\"text-align: center;\" width=\"288\"><\/td>\n<\/tr>\n<tr>\n<td style=\"text-align: left;\" width=\"250\">14 December, 10:00<\/td>\n<td style=\"text-align: center;\" width=\"297\">Dr. hab. Anna Lewandowska-Andra\u0142oj\u0107<\/td>\n<td style=\"text-align: center;\" width=\"288\">Understanding structure-properties relationships&nbsp;of porphyrin linked to graphene oxide through \u03c0-\u03c0 stacking or covalent amide bond<\/td>\n<\/tr>\n<tr>\n<td style=\"text-align: left;\" width=\"250\">25 January, 10:00<br \/>\n(MS Teams)<\/td>\n<td style=\"text-align: center;\" width=\"297\">MSc. Ewelina Gacka<\/td>\n<td style=\"text-align: center;\" width=\"288\">Wp\u0142yw wielko\u015bci p\u0142atk\u00f3w tlenku grafenu i liczby warstw na wydajno\u015b\u0107 fotokatalitycznego wytwarzania wodoru<\/td>\n<\/tr>\n<tr>\n<td style=\"text-align: left;\" width=\"250\">8 February, 13:00<br \/>\n(MS Teams)<\/td>\n<td style=\"text-align: center;\" width=\"297\">MSc. Katarzyna Grzyb<\/td>\n<td style=\"text-align: center;\" width=\"288\">Reaktywno\u015b\u0107 kationorodnika siarkowego N-acetylometioniny: deprotonacja i dekarboksylacja<\/td>\n<\/tr>\n<tr>\n<td style=\"text-align: left;\" width=\"250\">22 February, 13:00<br \/>\n(MS Teams)<\/td>\n<td style=\"text-align: center;\" width=\"297\">Olga Przybylak<\/td>\n<td style=\"text-align: center;\" width=\"288\">Literature review: Wp\u0142yw tlenku grafenu na wydajno\u015b\u0107 tworzenia tlenu singletowego przez barwniki wykorzystywane w kosmetykach<\/td>\n<\/tr>\n<\/tbody>\n<\/table>\n","protected":false},"excerpt":{"rendered":"<p>RESEARCH GROUP SEMINARS View our seminars. They take place in our seminar room (2.4, 2nd floor) or on MS Teams. October 2023 &#8211; June 2024 Date Speaker Title March 20, &#8230;<\/p>\n","protected":false},"author":1,"featured_media":0,"parent":0,"menu_order":0,"comment_status":"closed","ping_status":"closed","template":"","meta":[],"_links":{"self":[{"href":"http:\/\/zfch.home.amu.edu.pl\/index.php?rest_route=\/wp\/v2\/pages\/119"}],"collection":[{"href":"http:\/\/zfch.home.amu.edu.pl\/index.php?rest_route=\/wp\/v2\/pages"}],"about":[{"href":"http:\/\/zfch.home.amu.edu.pl\/index.php?rest_route=\/wp\/v2\/types\/page"}],"author":[{"embeddable":true,"href":"http:\/\/zfch.home.amu.edu.pl\/index.php?rest_route=\/wp\/v2\/users\/1"}],"replies":[{"embeddable":true,"href":"http:\/\/zfch.home.amu.edu.pl\/index.php?rest_route=%2Fwp%2Fv2%2Fcomments&post=119"}],"version-history":[{"count":73,"href":"http:\/\/zfch.home.amu.edu.pl\/index.php?rest_route=\/wp\/v2\/pages\/119\/revisions"}],"predecessor-version":[{"id":716,"href":"http:\/\/zfch.home.amu.edu.pl\/index.php?rest_route=\/wp\/v2\/pages\/119\/revisions\/716"}],"wp:attachment":[{"href":"http:\/\/zfch.home.amu.edu.pl\/index.php?rest_route=%2Fwp%2Fv2%2Fmedia&parent=119"}],"curies":[{"name":"wp","href":"https:\/\/api.w.org\/{rel}","templated":true}]}}